{"id":39,"date":"2023-04-11T17:55:33","date_gmt":"2023-04-11T15:55:33","guid":{"rendered":"https:\/\/ambasciatapraga.esteri.it\/?page_id=39"},"modified":"2023-10-26T16:59:07","modified_gmt":"2023-10-26T14:59:07","slug":"la-sede","status":"publish","type":"page","link":"https:\/\/ambkhartoum.esteri.it\/it\/chi-siamo\/la-sede\/","title":{"rendered":"La Sede"},"content":{"rendered":"<p><img loading=\"lazy\" decoding=\"async\" class=\"size-medium wp-image-263 img-fluid alignright\" src=\"https:\/\/ambkhartoum.esteri.it\/wp-content\/uploads\/2023\/10\/img_20150412_091459-300x225.jpg\" alt=\"Ambasciata\" width=\"300\" height=\"225\" srcset=\"https:\/\/ambkhartoum.esteri.it\/wp-content\/uploads\/2023\/10\/img_20150412_091459-300x225.jpg 300w, https:\/\/ambkhartoum.esteri.it\/wp-content\/uploads\/2023\/10\/img_20150412_091459-1024x768.jpg 1024w, https:\/\/ambkhartoum.esteri.it\/wp-content\/uploads\/2023\/10\/img_20150412_091459-768x576.jpg 768w, https:\/\/ambkhartoum.esteri.it\/wp-content\/uploads\/2023\/10\/img_20150412_091459.jpg 1140w\" sizes=\"auto, (max-width: 300px) 100vw, 300px\" \/><\/p>\n<p>La sede della Cancelleria diplomatica \u00e8 di propriet\u00e0 dello Stato italiano dal lontano 1969, ma vi ha sede dal 1955.<\/p>\n<p>Non si \u00e8 trattato di un acquisto, bens\u00ec di una donazione a favore del Governo italiano da parte dell&#8217;ing. Giuseppe Torno all&#8217;epoca\u00a0titolare dell&#8217;omonima societ\u00e0 per azioni, avvenuta il 5 settembre 1969.<\/p>\n<p>La Sede sorge su un terreno a locazione gratuita da parte del Governo sudanese. Si compone di un corpo centrale di due piani, il piano terra \u00e8 di 388 mq e il piano superiore di 288 mq.. La dependance, sempre su due piani, \u00e8 di 160 mq.<\/p>\n","protected":false},"excerpt":{"rendered":"La sede della Cancelleria diplomatica \u00e8 di propriet\u00e0 dello Stato italiano dal lontano 1969, ma vi ha sede dal 1955. Non si \u00e8 trattato di un acquisto, bens\u00ec di una donazione a favore del Governo italiano da parte dell&#8217;ing. Giuseppe Torno all&#8217;epoca\u00a0titolare dell&#8217;omonima societ\u00e0 per azioni, avvenuta il 5 settembre 1969. La Sede sorge su [&hellip;]","protected":false},"author":1,"featured_media":0,"parent":13,"menu_order":2,"comment_status":"closed","ping_status":"closed","template":"","meta":{"footnotes":""},"class_list":["post-39","page","type-page","status-publish","hentry"],"_links":{"self":[{"href":"https:\/\/ambkhartoum.esteri.it\/it\/wp-json\/wp\/v2\/pages\/39","targetHints":{"allow":["GET"]}}],"collection":[{"href":"https:\/\/ambkhartoum.esteri.it\/it\/wp-json\/wp\/v2\/pages"}],"about":[{"href":"https:\/\/ambkhartoum.esteri.it\/it\/wp-json\/wp\/v2\/types\/page"}],"author":[{"embeddable":true,"href":"https:\/\/ambkhartoum.esteri.it\/it\/wp-json\/wp\/v2\/users\/1"}],"replies":[{"embeddable":true,"href":"https:\/\/ambkhartoum.esteri.it\/it\/wp-json\/wp\/v2\/comments?post=39"}],"version-history":[{"count":5,"href":"https:\/\/ambkhartoum.esteri.it\/it\/wp-json\/wp\/v2\/pages\/39\/revisions"}],"predecessor-version":[{"id":264,"href":"https:\/\/ambkhartoum.esteri.it\/it\/wp-json\/wp\/v2\/pages\/39\/revisions\/264"}],"up":[{"embeddable":true,"href":"https:\/\/ambkhartoum.esteri.it\/it\/wp-json\/wp\/v2\/pages\/13"}],"wp:attachment":[{"href":"https:\/\/ambkhartoum.esteri.it\/it\/wp-json\/wp\/v2\/media?parent=39"}],"curies":[{"name":"wp","href":"https:\/\/api.w.org\/{rel}","templated":true}]}}