{"id":123,"date":"2023-09-25T15:18:30","date_gmt":"2023-09-25T13:18:30","guid":{"rendered":"https:\/\/ambasciatatirana.esteri.it\/?page_id=123"},"modified":"2026-03-05T11:28:26","modified_gmt":"2026-03-05T09:28:26","slug":"contatti","status":"publish","type":"page","link":"https:\/\/ambkhartoum.esteri.it\/it\/chi-siamo\/contatti\/","title":{"rendered":"Contatti"},"content":{"rendered":"<p><strong>Ambasciatore<\/strong>: Michele Tommasi<\/p>\n<p><strong>Vicario<\/strong>: Simone Corsale<\/p>\n<p>Segreteria Ambasciatore:\u00a0<a href=\"mailto:ambasciata.khartoum@esteri.it\">ambasciata.khartoum@esteri.it<\/a><\/p>\n<p><strong>Ufficio Consolare<\/strong>:\u00a0<a href=\"mailto:cons.ambkhartoum@esteri.it\">cons.ambkhartoum@esteri.it<\/a><\/p>\n<p>&#8212;&#8212;&#8212;&#8212;&#8212;&#8212;&#8212;&#8212;&#8212;&#8212;&#8212;&#8212;&#8212;&#8212;&#8212;&#8212;&#8212;&#8212;&#8212;&#8212;&#8212;&#8212;<\/p>\n<p><strong>Ufficio visti<\/strong>:\u00a0<a href=\"mailto:visa.ambkhartoum@esteri.it\">visa.ambkhartoum@esteri.it<\/a><\/p>\n<p>Orario di apertura al pubblico:<\/p>\n<ul>\n<li>Affari\/Invito\/Studio\/Missione\/Turismo: Luned\u00ec, Mercoled\u00ec e Gioved\u00ec dalle ore 08:30 alle ore 11:00.<\/li>\n<li>Ricongiungimento familiare\/Lavoro subordinato\/Lavoro dipendente: Marted\u00ec dalle ore 9:00 alle ore 12:00.<\/li>\n<\/ul>\n","protected":false},"excerpt":{"rendered":"Ambasciatore: Michele Tommasi Vicario: Simone Corsale Segreteria Ambasciatore:\u00a0ambasciata.khartoum@esteri.it Ufficio Consolare:\u00a0cons.ambkhartoum@esteri.it &#8212;&#8212;&#8212;&#8212;&#8212;&#8212;&#8212;&#8212;&#8212;&#8212;&#8212;&#8212;&#8212;&#8212;&#8212;&#8212;&#8212;&#8212;&#8212;&#8212;&#8212;&#8212; Ufficio visti:\u00a0visa.ambkhartoum@esteri.it Orario di apertura al pubblico: Affari\/Invito\/Studio\/Missione\/Turismo: Luned\u00ec, Mercoled\u00ec e Gioved\u00ec dalle ore 08:30 alle ore 11:00. Ricongiungimento familiare\/Lavoro subordinato\/Lavoro dipendente: Marted\u00ec dalle ore 9:00 alle ore 12:00.","protected":false},"author":1,"featured_media":0,"parent":13,"menu_order":4,"comment_status":"closed","ping_status":"closed","template":"","meta":{"footnotes":""},"class_list":["post-123","page","type-page","status-publish","hentry"],"_links":{"self":[{"href":"https:\/\/ambkhartoum.esteri.it\/it\/wp-json\/wp\/v2\/pages\/123","targetHints":{"allow":["GET"]}}],"collection":[{"href":"https:\/\/ambkhartoum.esteri.it\/it\/wp-json\/wp\/v2\/pages"}],"about":[{"href":"https:\/\/ambkhartoum.esteri.it\/it\/wp-json\/wp\/v2\/types\/page"}],"author":[{"embeddable":true,"href":"https:\/\/ambkhartoum.esteri.it\/it\/wp-json\/wp\/v2\/users\/1"}],"replies":[{"embeddable":true,"href":"https:\/\/ambkhartoum.esteri.it\/it\/wp-json\/wp\/v2\/comments?post=123"}],"version-history":[{"count":6,"href":"https:\/\/ambkhartoum.esteri.it\/it\/wp-json\/wp\/v2\/pages\/123\/revisions"}],"predecessor-version":[{"id":1618,"href":"https:\/\/ambkhartoum.esteri.it\/it\/wp-json\/wp\/v2\/pages\/123\/revisions\/1618"}],"up":[{"embeddable":true,"href":"https:\/\/ambkhartoum.esteri.it\/it\/wp-json\/wp\/v2\/pages\/13"}],"wp:attachment":[{"href":"https:\/\/ambkhartoum.esteri.it\/it\/wp-json\/wp\/v2\/media?parent=123"}],"curies":[{"name":"wp","href":"https:\/\/api.w.org\/{rel}","templated":true}]}}